{"id":286,"date":"2019-10-29T15:26:16","date_gmt":"2019-10-29T15:26:16","guid":{"rendered":"https:\/\/x-theme.net\/avas-business\/?page_id=286"},"modified":"2023-08-28T18:47:24","modified_gmt":"2023-08-28T18:47:24","slug":"about-us","status":"publish","type":"page","link":"https:\/\/aymaz.com.tr\/index.php\/about-us\/","title":{"rendered":"Hakk\u0131m\u0131zda"},"content":{"rendered":"\t\t<div data-elementor-type=\"wp-page\" data-elementor-id=\"286\" class=\"elementor elementor-286\">\n\t\t\t\t\t\t\t\t\t<section class=\"elementor-section elementor-top-section elementor-element elementor-element-62a2ac5b elementor-section-stretched elementor-section-boxed elementor-section-height-default elementor-section-height-default\" data-id=\"62a2ac5b\" data-element_type=\"section\" data-settings=\"{&quot;stretch_section&quot;:&quot;section-stretched&quot;,&quot;background_background&quot;:&quot;classic&quot;}\">\n\t\t\t\t\t\t<div class=\"elementor-container elementor-column-gap-default\">\n\t\t\t\t\t<div class=\"elementor-column elementor-col-33 elementor-top-column elementor-element elementor-element-2fd8d478\" data-id=\"2fd8d478\" data-element_type=\"column\">\n\t\t\t<div class=\"elementor-widget-wrap elementor-element-populated\">\n\t\t\t\t\t\t\t\t<div class=\"elementor-element elementor-element-7bb792be tx-hd-align-left elementor-widget elementor-widget-avas-heading\" data-id=\"7bb792be\" data-element_type=\"widget\" data-widget_type=\"avas-heading.default\">\n\t\t\t\t<div class=\"elementor-widget-container\">\n\t\t\t        <div class=\"tx-hd-wrap\">\n\n            <div class=\"tx-hd-wm\"><\/div>\n\n            \n            <div class=\"tx-hd-sub\"><\/div>\n                        <h2 class=\"tx-hd-title\">\n                <span class=\"tx-hd-first-part\">Hakk\u0131m\u0131zda<\/span>\n                <span class=\"tx-hd-last-part\"><\/span>\n            <\/h2>    \n            \n            <div class=\"tx-hd-desc\"><p>2013 y\u0131l\u0131nda 6 \u00e7ekici ve 7 dorse sat\u0131n alarak ba\u015flayan \u015firketimiz, T\u00fcrkiye Cumhuriyeti Ula\u015ft\u0131rma ve Altyap\u0131 Bakanl\u0131\u011f\u0131\u2019ndan C2 (Uluslararas\u0131 Ta\u015f\u0131ma Yetki Belgesi) alarak faaliyetine devam etmi\u015ftir.<\/p><p>Irak ba\u015fta olmak \u00fczere, \u00e7e\u015fitli lokasyonlarda karayolu y\u00fck ta\u015f\u0131ma hizmeti vermekteyiz.<\/p><p>Hali haz\u0131rda 16 kamyon\/\u00e7ekici ve 14 dorse ile kuru y\u00fcklerinizi, mesafe g\u00f6zetmeksizin A\u2019dan Z\u2019ye kadar ta\u015f\u0131yabiliyoruz.<\/p><p>\u00c7al\u0131\u015fanlar\u0131m\u0131z\u0131n t\u00fcm\u00fc SRC-5 ba\u015fta olmak \u00fczere, gerekli yetki belgeleri haricinde profesyonel ve uzman ki\u015filerden olu\u015fmaktad\u0131r.<\/p><\/div>\n\n\n                   \n        <\/div><!-- tx-hd-wrap -->\n\n\n\n\n\n\n\n\n\t\t<\/div>\n\t\t\t\t<\/div>\n\t\t\t\t\t<\/div>\n\t\t<\/div>\n\t\t\t\t<div class=\"elementor-column elementor-col-33 elementor-top-column elementor-element elementor-element-605ce678\" data-id=\"605ce678\" data-element_type=\"column\">\n\t\t\t<div class=\"elementor-widget-wrap\">\n\t\t\t\t\t\t\t\t\t<\/div>\n\t\t<\/div>\n\t\t\t\t<div class=\"elementor-column elementor-col-33 elementor-top-column elementor-element elementor-element-178d94e8\" data-id=\"178d94e8\" data-element_type=\"column\">\n\t\t\t<div class=\"elementor-widget-wrap elementor-element-populated\">\n\t\t\t\t\t\t\t\t<div class=\"elementor-element elementor-element-325bea9 elementor-widget elementor-widget-image\" data-id=\"325bea9\" data-element_type=\"widget\" data-widget_type=\"image.default\">\n\t\t\t\t<div class=\"elementor-widget-container\">\n\t\t\t<style>\/*! elementor - v3.15.0 - 09-08-2023 *\/\n.elementor-widget-image{text-align:center}.elementor-widget-image a{display:inline-block}.elementor-widget-image a img[src$=\".svg\"]{width:48px}.elementor-widget-image img{vertical-align:middle;display:inline-block}<\/style>\t\t\t\t\t\t\t\t\t\t\t\t<img loading=\"lazy\" decoding=\"async\" width=\"770\" height=\"430\" src=\"https:\/\/aymaz.com.tr\/wp-content\/uploads\/2019\/10\/15.jpg\" class=\"attachment-large size-large wp-image-135\" alt=\"\" srcset=\"https:\/\/aymaz.com.tr\/wp-content\/uploads\/2019\/10\/15.jpg 770w, https:\/\/aymaz.com.tr\/wp-content\/uploads\/2019\/10\/15-500x279.jpg 500w, https:\/\/aymaz.com.tr\/wp-content\/uploads\/2019\/10\/15-300x168.jpg 300w, https:\/\/aymaz.com.tr\/wp-content\/uploads\/2019\/10\/15-768x429.jpg 768w, https:\/\/aymaz.com.tr\/wp-content\/uploads\/2019\/10\/15-750x420.jpg 750w, https:\/\/aymaz.com.tr\/wp-content\/uploads\/2019\/10\/15-80x45.jpg 80w, https:\/\/aymaz.com.tr\/wp-content\/uploads\/2019\/10\/15-360x201.jpg 360w, https:\/\/aymaz.com.tr\/wp-content\/uploads\/2019\/10\/15-373x208.jpg 373w, https:\/\/aymaz.com.tr\/wp-content\/uploads\/2019\/10\/15-620x346.jpg 620w, https:\/\/aymaz.com.tr\/wp-content\/uploads\/2019\/10\/15-460x257.jpg 460w, https:\/\/aymaz.com.tr\/wp-content\/uploads\/2019\/10\/15-365x204.jpg 365w\" sizes=\"auto, (max-width: 770px) 100vw, 770px\" \/>\t\t\t\t\t\t\t\t\t\t\t\t\t\t\t<\/div>\n\t\t\t\t<\/div>\n\t\t\t\t\t<\/div>\n\t\t<\/div>\n\t\t\t\t\t\t\t<\/div>\n\t\t<\/section>\n\t\t\t\t<section class=\"elementor-section elementor-top-section elementor-element elementor-element-5c9fc6e elementor-section-stretched elementor-section-boxed elementor-section-height-default elementor-section-height-default\" data-id=\"5c9fc6e\" data-element_type=\"section\" data-settings=\"{&quot;stretch_section&quot;:&quot;section-stretched&quot;,&quot;background_background&quot;:&quot;classic&quot;}\">\n\t\t\t\t\t\t<div class=\"elementor-container elementor-column-gap-default\">\n\t\t\t\t\t<div class=\"elementor-column elementor-col-33 elementor-top-column elementor-element elementor-element-09754df\" data-id=\"09754df\" data-element_type=\"column\">\n\t\t\t<div class=\"elementor-widget-wrap elementor-element-populated\">\n\t\t\t\t\t\t\t\t<div class=\"elementor-element elementor-element-d2b62b0 tx-hd-align-left elementor-widget elementor-widget-avas-heading\" data-id=\"d2b62b0\" data-element_type=\"widget\" data-widget_type=\"avas-heading.default\">\n\t\t\t\t<div class=\"elementor-widget-container\">\n\t\t\t        <div class=\"tx-hd-wrap\">\n\n            <div class=\"tx-hd-wm\"><\/div>\n\n            \n            <div class=\"tx-hd-sub\"><\/div>\n                        <h2 class=\"tx-hd-title\">\n                <span class=\"tx-hd-first-part\">Belgelerimiz<\/span>\n                <span class=\"tx-hd-last-part\"><\/span>\n            <\/h2>    \n            \n            <div class=\"tx-hd-desc\"><p>Ula\u015ft\u0131rma Bakanl\u0131\u011f\u0131\u2019ndan C2 - L2 belgelerine sahibiz.<\/p><\/div>\n\n\n                   \n        <\/div><!-- tx-hd-wrap -->\n\n\n\n\n\n\n\n\n\t\t<\/div>\n\t\t\t\t<\/div>\n\t\t\t\t\t<\/div>\n\t\t<\/div>\n\t\t\t\t<div class=\"elementor-column elementor-col-33 elementor-top-column elementor-element elementor-element-9e58b88\" data-id=\"9e58b88\" data-element_type=\"column\">\n\t\t\t<div class=\"elementor-widget-wrap\">\n\t\t\t\t\t\t\t\t\t<\/div>\n\t\t<\/div>\n\t\t\t\t<div class=\"elementor-column elementor-col-33 elementor-top-column elementor-element elementor-element-e489d73\" data-id=\"e489d73\" data-element_type=\"column\">\n\t\t\t<div class=\"elementor-widget-wrap elementor-element-populated\">\n\t\t\t\t\t\t\t\t<div class=\"elementor-element elementor-element-901dc33 tx-hd-align-left elementor-widget elementor-widget-avas-heading\" data-id=\"901dc33\" data-element_type=\"widget\" data-widget_type=\"avas-heading.default\">\n\t\t\t\t<div class=\"elementor-widget-container\">\n\t\t\t        <div class=\"tx-hd-wrap\">\n\n            <div class=\"tx-hd-wm\"><\/div>\n\n            \n            <div class=\"tx-hd-sub\"><\/div>\n                        <h2 class=\"tx-hd-title\">\n                <span class=\"tx-hd-first-part\">Filomuz<\/span>\n                <span class=\"tx-hd-last-part\"><\/span>\n            <\/h2>    \n            \n            <div class=\"tx-hd-desc\"><p>Mercedes Marka 6 Adet \u00c7ekici<\/p><p>Ford Marka 3 Adet \u00c7ekici<\/p><p>Ford Marka 6 Adet Kamyon<\/p><p>Man Marka 1 Adet Kamyon<\/p><p>8 Adet farkl\u0131 \u00f6zellikte Dorse<\/p><\/div>\n\n\n                   \n        <\/div><!-- tx-hd-wrap -->\n\n\n\n\n\n\n\n\n\t\t<\/div>\n\t\t\t\t<\/div>\n\t\t\t\t\t<\/div>\n\t\t<\/div>\n\t\t\t\t\t\t\t<\/div>\n\t\t<\/section>\n\t\t\t\t\t\t\t<\/div>\n\t\t","protected":false},"excerpt":{"rendered":"<p class=\"tx-excerpt\">Hakk\u0131m\u0131zda 2013 y\u0131l\u0131nda 6 \u00e7ekici ve 7 dorse sat\u0131n alarak ba\u015flayan \u015firketimiz, T\u00fcrkiye Cumhuriyeti Ula\u015ft\u0131rma ve Altyap\u0131 Bakanl\u0131\u011f\u0131\u2019ndan C2 (Uluslararas\u0131 Ta\u015f\u0131ma Yetki Belgesi) alarak faaliyetine devam etmi\u015ftir. Irak ba\u015fta olmak \u00fczere, \u00e7e\u015fitli lokasyonlarda","protected":false},"author":1,"featured_media":0,"parent":0,"menu_order":0,"comment_status":"closed","ping_status":"closed","template":"templates\/blank.php","meta":{"footnotes":""},"class_list":["post-286","page","type-page","status-publish","hentry"],"_links":{"self":[{"href":"https:\/\/aymaz.com.tr\/index.php\/wp-json\/wp\/v2\/pages\/286","targetHints":{"allow":["GET"]}}],"collection":[{"href":"https:\/\/aymaz.com.tr\/index.php\/wp-json\/wp\/v2\/pages"}],"about":[{"href":"https:\/\/aymaz.com.tr\/index.php\/wp-json\/wp\/v2\/types\/page"}],"author":[{"embeddable":true,"href":"https:\/\/aymaz.com.tr\/index.php\/wp-json\/wp\/v2\/users\/1"}],"replies":[{"embeddable":true,"href":"https:\/\/aymaz.com.tr\/index.php\/wp-json\/wp\/v2\/comments?post=286"}],"version-history":[{"count":14,"href":"https:\/\/aymaz.com.tr\/index.php\/wp-json\/wp\/v2\/pages\/286\/revisions"}],"predecessor-version":[{"id":7604,"href":"https:\/\/aymaz.com.tr\/index.php\/wp-json\/wp\/v2\/pages\/286\/revisions\/7604"}],"wp:attachment":[{"href":"https:\/\/aymaz.com.tr\/index.php\/wp-json\/wp\/v2\/media?parent=286"}],"curies":[{"name":"wp","href":"https:\/\/api.w.org\/{rel}","templated":true}]}}